{"id":1118,"date":"2018-10-09T10:46:34","date_gmt":"2018-10-09T08:46:34","guid":{"rendered":"https:\/\/dev.dernst.net\/?post_type=product&#038;p=1118"},"modified":"2018-10-09T10:47:12","modified_gmt":"2018-10-09T08:47:12","slug":"sicherheitsschaber-lescure-ii","status":"publish","type":"product","link":"https:\/\/apollo-herkenrath.de\/de\/produkt\/sicherheitsschaber-lescure-ii\/","title":{"rendered":"Sicherheitsschaber Lescure II"},"content":{"rendered":"<div id=\"short_description_content\" class=\"rte align_justify\">\n<ul>\n<li>ergonomischer Schaber aus Teflon<\/li>\n<li class=\"p1\">f\u00fcr Rechts- und Linksh\u00e4nder geeignet<\/li>\n<li class=\"p1\">Einfacher Klingenwechsel<\/li>\n<li class=\"p1\">best\u00fcckt mit einer B\u00fcgelklinge 10-100-062<\/li>\n<\/ul>\n<\/div>\n","protected":false},"excerpt":{"rendered":"<p>ergonomischer Schaber aus Teflon f\u00fcr Rechts- und Linksh\u00e4nder geeignet Einfacher Klingenwechsel best\u00fcckt mit einer B\u00fcgelklinge 10-100-062<\/p>\n","protected":false},"featured_media":1119,"template":"","meta":[],"product_brand":[],"product_cat":[218],"product_tag":[],"class_list":{"0":"post-1118","1":"product","2":"type-product","3":"status-publish","4":"has-post-thumbnail","6":"product_cat-schaber","8":"first","9":"instock","10":"shipping-taxable","11":"purchasable","12":"product-type-simple"},"aioseo_notices":[],"_links":{"self":[{"href":"https:\/\/apollo-herkenrath.de\/de\/wp-json\/wp\/v2\/product\/1118","targetHints":{"allow":["GET"]}}],"collection":[{"href":"https:\/\/apollo-herkenrath.de\/de\/wp-json\/wp\/v2\/product"}],"about":[{"href":"https:\/\/apollo-herkenrath.de\/de\/wp-json\/wp\/v2\/types\/product"}],"wp:featuredmedia":[{"embeddable":true,"href":"https:\/\/apollo-herkenrath.de\/de\/wp-json\/wp\/v2\/media\/1119"}],"wp:attachment":[{"href":"https:\/\/apollo-herkenrath.de\/de\/wp-json\/wp\/v2\/media?parent=1118"}],"wp:term":[{"taxonomy":"product_brand","embeddable":true,"href":"https:\/\/apollo-herkenrath.de\/de\/wp-json\/wp\/v2\/product_brand?post=1118"},{"taxonomy":"product_cat","embeddable":true,"href":"https:\/\/apollo-herkenrath.de\/de\/wp-json\/wp\/v2\/product_cat?post=1118"},{"taxonomy":"product_tag","embeddable":true,"href":"https:\/\/apollo-herkenrath.de\/de\/wp-json\/wp\/v2\/product_tag?post=1118"}],"curies":[{"name":"wp","href":"https:\/\/api.w.org\/{rel}","templated":true}]}}