{"id":1116,"date":"2018-10-09T10:45:00","date_gmt":"2018-10-09T08:45:00","guid":{"rendered":"https:\/\/dev.dernst.net\/?post_type=product&#038;p=1116"},"modified":"2018-10-09T10:45:35","modified_gmt":"2018-10-09T08:45:35","slug":"sicherheitsschaber-bassan","status":"publish","type":"product","link":"https:\/\/apollo-herkenrath.de\/de\/produkt\/sicherheitsschaber-bassan\/","title":{"rendered":"Sicherheitsschaber Bassan"},"content":{"rendered":"<div id=\"short_description_content\" class=\"rte align_justify\">\n<ul>\n<li>leichter, ergonomischer Schaber<\/li>\n<li class=\"p1\">mit Blockiersystem und Klingenschutzplatte<\/li>\n<li class=\"p1\">f\u00fcr Rechts- und Linksh\u00e4nder geeignet<\/li>\n<li class=\"p1\">Einfacher Klingenwechsel<\/li>\n<li class=\"p1\">best\u00fcckt mit einer Klinge 08-510-048<\/li>\n<li class=\"p1\">die Klinge kann beidseitig benutzt werden<\/li>\n<\/ul>\n<\/div>\n","protected":false},"excerpt":{"rendered":"<p>leichter, ergonomischer Schaber mit Blockiersystem und Klingenschutzplatte f\u00fcr Rechts- und Linksh\u00e4nder geeignet Einfacher Klingenwechsel best\u00fcckt mit einer Klinge 08-510-048 die Klinge kann beidseitig benutzt werden<\/p>\n","protected":false},"featured_media":1117,"template":"","meta":[],"product_brand":[],"product_cat":[218],"product_tag":[],"class_list":{"0":"post-1116","1":"product","2":"type-product","3":"status-publish","4":"has-post-thumbnail","6":"product_cat-schaber","8":"first","9":"instock","10":"shipping-taxable","11":"purchasable","12":"product-type-simple"},"aioseo_notices":[],"_links":{"self":[{"href":"https:\/\/apollo-herkenrath.de\/de\/wp-json\/wp\/v2\/product\/1116","targetHints":{"allow":["GET"]}}],"collection":[{"href":"https:\/\/apollo-herkenrath.de\/de\/wp-json\/wp\/v2\/product"}],"about":[{"href":"https:\/\/apollo-herkenrath.de\/de\/wp-json\/wp\/v2\/types\/product"}],"wp:featuredmedia":[{"embeddable":true,"href":"https:\/\/apollo-herkenrath.de\/de\/wp-json\/wp\/v2\/media\/1117"}],"wp:attachment":[{"href":"https:\/\/apollo-herkenrath.de\/de\/wp-json\/wp\/v2\/media?parent=1116"}],"wp:term":[{"taxonomy":"product_brand","embeddable":true,"href":"https:\/\/apollo-herkenrath.de\/de\/wp-json\/wp\/v2\/product_brand?post=1116"},{"taxonomy":"product_cat","embeddable":true,"href":"https:\/\/apollo-herkenrath.de\/de\/wp-json\/wp\/v2\/product_cat?post=1116"},{"taxonomy":"product_tag","embeddable":true,"href":"https:\/\/apollo-herkenrath.de\/de\/wp-json\/wp\/v2\/product_tag?post=1116"}],"curies":[{"name":"wp","href":"https:\/\/api.w.org\/{rel}","templated":true}]}}