{"id":1113,"date":"2018-10-09T10:40:41","date_gmt":"2018-10-09T08:40:41","guid":{"rendered":"https:\/\/dev.dernst.net\/?post_type=product&#038;p=1113"},"modified":"2018-10-09T10:43:44","modified_gmt":"2018-10-09T08:43:44","slug":"schaber-rush-2","status":"publish","type":"product","link":"https:\/\/apollo-herkenrath.de\/de\/produkt\/schaber-rush-2\/","title":{"rendered":"Schaber Rush 2"},"content":{"rendered":"<ul>\n<li>ergonomischer Schaber aus Kunststoff<\/li>\n<li class=\"p1\">mit Schutzschieber zum Sichern der Klinge, wenn das Messer nicht benutzt wird<\/li>\n<li class=\"p1\">f\u00fcr Rechts- und Linksh\u00e4nder geeignet<\/li>\n<li class=\"p1\">sehr einfacher Klingenwechsel<\/li>\n<li class=\"p1\">best\u00fcckt mit einer Klinge 10-100-062<\/li>\n<\/ul>\n","protected":false},"excerpt":{"rendered":"<p>ergonomischer Schaber aus Kunststoff mit Schutzschieber zum Sichern der Klinge, wenn das Messer nicht benutzt wird f\u00fcr Rechts- und Linksh\u00e4nder geeignet sehr einfacher Klingenwechsel best\u00fcckt mit einer Klinge 10-100-062<\/p>\n","protected":false},"featured_media":1114,"template":"","meta":[],"product_brand":[],"product_cat":[218],"product_tag":[],"class_list":{"0":"post-1113","1":"product","2":"type-product","3":"status-publish","4":"has-post-thumbnail","6":"product_cat-schaber","8":"first","9":"instock","10":"shipping-taxable","11":"purchasable","12":"product-type-simple"},"aioseo_notices":[],"_links":{"self":[{"href":"https:\/\/apollo-herkenrath.de\/de\/wp-json\/wp\/v2\/product\/1113","targetHints":{"allow":["GET"]}}],"collection":[{"href":"https:\/\/apollo-herkenrath.de\/de\/wp-json\/wp\/v2\/product"}],"about":[{"href":"https:\/\/apollo-herkenrath.de\/de\/wp-json\/wp\/v2\/types\/product"}],"wp:featuredmedia":[{"embeddable":true,"href":"https:\/\/apollo-herkenrath.de\/de\/wp-json\/wp\/v2\/media\/1114"}],"wp:attachment":[{"href":"https:\/\/apollo-herkenrath.de\/de\/wp-json\/wp\/v2\/media?parent=1113"}],"wp:term":[{"taxonomy":"product_brand","embeddable":true,"href":"https:\/\/apollo-herkenrath.de\/de\/wp-json\/wp\/v2\/product_brand?post=1113"},{"taxonomy":"product_cat","embeddable":true,"href":"https:\/\/apollo-herkenrath.de\/de\/wp-json\/wp\/v2\/product_cat?post=1113"},{"taxonomy":"product_tag","embeddable":true,"href":"https:\/\/apollo-herkenrath.de\/de\/wp-json\/wp\/v2\/product_tag?post=1113"}],"curies":[{"name":"wp","href":"https:\/\/api.w.org\/{rel}","templated":true}]}}