{"id":1106,"date":"2018-10-09T10:36:55","date_gmt":"2018-10-09T08:36:55","guid":{"rendered":"https:\/\/dev.dernst.net\/?post_type=product&#038;p=1106"},"modified":"2018-10-09T12:41:34","modified_gmt":"2018-10-09T10:41:34","slug":"schaber-eos","status":"publish","type":"product","link":"https:\/\/apollo-herkenrath.de\/de\/produkt\/schaber-eos\/","title":{"rendered":"Schaber Eos"},"content":{"rendered":"<ul>\n<li>Schaber aus Kunststoff mit Schutzkappe<\/li>\n<li>mit feststehender Klinge<\/li>\n<li>best\u00fcckt mit einer Trapezklinge Nr. 06-580-041<\/li>\n<li>Klingenwechsel ohne Werkzeug<\/li>\n<li>f\u00fcr Rechts- und Linksh\u00e4nder geeignet<\/li>\n<\/ul>\n<p class=\"warning-jck\">Vorr\u00e4tig bis Ersch\u00f6pfung des Lagers<\/p>\n","protected":false},"excerpt":{"rendered":"<p>Schaber aus Kunststoff mit Schutzkappe mit feststehender Klinge best\u00fcckt mit einer Trapezklinge Nr. 06-580-041 Klingenwechsel ohne Werkzeug f\u00fcr Rechts- und Linksh\u00e4nder geeignet Vorr\u00e4tig bis Ersch\u00f6pfung des Lagers<\/p>\n","protected":false},"featured_media":1107,"template":"","meta":[],"product_brand":[],"product_cat":[222,218],"product_tag":[],"class_list":{"0":"post-1106","1":"product","2":"type-product","3":"status-publish","4":"has-post-thumbnail","6":"product_cat-messer-mit-feststehender-klinge","7":"product_cat-schaber","9":"first","10":"instock","11":"shipping-taxable","12":"purchasable","13":"product-type-simple"},"aioseo_notices":[],"_links":{"self":[{"href":"https:\/\/apollo-herkenrath.de\/de\/wp-json\/wp\/v2\/product\/1106","targetHints":{"allow":["GET"]}}],"collection":[{"href":"https:\/\/apollo-herkenrath.de\/de\/wp-json\/wp\/v2\/product"}],"about":[{"href":"https:\/\/apollo-herkenrath.de\/de\/wp-json\/wp\/v2\/types\/product"}],"wp:featuredmedia":[{"embeddable":true,"href":"https:\/\/apollo-herkenrath.de\/de\/wp-json\/wp\/v2\/media\/1107"}],"wp:attachment":[{"href":"https:\/\/apollo-herkenrath.de\/de\/wp-json\/wp\/v2\/media?parent=1106"}],"wp:term":[{"taxonomy":"product_brand","embeddable":true,"href":"https:\/\/apollo-herkenrath.de\/de\/wp-json\/wp\/v2\/product_brand?post=1106"},{"taxonomy":"product_cat","embeddable":true,"href":"https:\/\/apollo-herkenrath.de\/de\/wp-json\/wp\/v2\/product_cat?post=1106"},{"taxonomy":"product_tag","embeddable":true,"href":"https:\/\/apollo-herkenrath.de\/de\/wp-json\/wp\/v2\/product_tag?post=1106"}],"curies":[{"name":"wp","href":"https:\/\/api.w.org\/{rel}","templated":true}]}}