{"id":1065,"date":"2018-10-04T11:34:05","date_gmt":"2018-10-04T09:34:05","guid":{"rendered":"https:\/\/dev.dernst.net\/?post_type=product&#038;p=1065"},"modified":"2018-10-04T11:34:40","modified_gmt":"2018-10-04T09:34:40","slug":"stanley-messer-fatmax","status":"publish","type":"product","link":"https:\/\/apollo-herkenrath.de\/de\/produkt\/stanley-messer-fatmax\/","title":{"rendered":"Stanley-Messer FatMax\u2122"},"content":{"rendered":"<ul class=\"feat_and_ben\">\n<li>Messer mit einziehbarer Klinge<\/li>\n<li>Robustes Geh\u00e4use aus Zinkdruckguss: leicht und korrosionsbest\u00e4ndig<\/li>\n<li>Ergonomisches Design &#8211; sicherer Halt auch bei kraftvollem Einsatz<\/li>\n<li>Einlagen aus weichem Kunststoff &#8211; f\u00fcr hohe Kontrolle und sicheren Griff<\/li>\n<li>InterLock\u2122-Verbindung der Griffschalen f\u00fcr sicheren Halt der Klinge<\/li>\n<li>Schneller Klingenwechsel ohne Werkzeug<\/li>\n<li>Magnetische Spitze<\/li>\n<li>Bis zu 5 Klingen im Griff verstaubar<\/li>\n<li>Klinge in f\u00fcnf Positionen fixierbar<\/li>\n<li>F\u00fcnf FatMax\u2122 Ersatzklingen im Lieferumfang enthalten<\/li>\n<\/ul>\n","protected":false},"excerpt":{"rendered":"<p>Messer mit einziehbarer Klinge Robustes Geh\u00e4use aus Zinkdruckguss: leicht und korrosionsbest\u00e4ndig Ergonomisches Design &#8211; sicherer Halt auch bei kraftvollem Einsatz Einlagen aus weichem Kunststoff &#8211; f\u00fcr hohe Kontrolle und sicheren Griff InterLock\u2122-Verbindung der Griffschalen f\u00fcr sicheren Halt der Klinge Schneller Klingenwechsel ohne Werkzeug Magnetische Spitze Bis zu 5 Klingen im Griff verstaubar Klinge in f\u00fcnf [&hellip;]<\/p>\n","protected":false},"featured_media":1066,"template":"","meta":[],"product_brand":[],"product_cat":[215],"product_tag":[],"class_list":{"0":"post-1065","1":"product","2":"type-product","3":"status-publish","4":"has-post-thumbnail","6":"product_cat-messer-mit-einziehbarer-klinge","8":"first","9":"instock","10":"shipping-taxable","11":"purchasable","12":"product-type-simple"},"aioseo_notices":[],"_links":{"self":[{"href":"https:\/\/apollo-herkenrath.de\/de\/wp-json\/wp\/v2\/product\/1065","targetHints":{"allow":["GET"]}}],"collection":[{"href":"https:\/\/apollo-herkenrath.de\/de\/wp-json\/wp\/v2\/product"}],"about":[{"href":"https:\/\/apollo-herkenrath.de\/de\/wp-json\/wp\/v2\/types\/product"}],"wp:featuredmedia":[{"embeddable":true,"href":"https:\/\/apollo-herkenrath.de\/de\/wp-json\/wp\/v2\/media\/1066"}],"wp:attachment":[{"href":"https:\/\/apollo-herkenrath.de\/de\/wp-json\/wp\/v2\/media?parent=1065"}],"wp:term":[{"taxonomy":"product_brand","embeddable":true,"href":"https:\/\/apollo-herkenrath.de\/de\/wp-json\/wp\/v2\/product_brand?post=1065"},{"taxonomy":"product_cat","embeddable":true,"href":"https:\/\/apollo-herkenrath.de\/de\/wp-json\/wp\/v2\/product_cat?post=1065"},{"taxonomy":"product_tag","embeddable":true,"href":"https:\/\/apollo-herkenrath.de\/de\/wp-json\/wp\/v2\/product_tag?post=1065"}],"curies":[{"name":"wp","href":"https:\/\/api.w.org\/{rel}","templated":true}]}}