{"id":1009,"date":"2018-06-07T11:00:41","date_gmt":"2018-06-07T09:00:41","guid":{"rendered":"https:\/\/dev.dernst.net\/?post_type=product&#038;p=1009"},"modified":"2018-06-07T11:00:41","modified_gmt":"2018-06-07T09:00:41","slug":"sicherheitsmesser-pyla","status":"publish","type":"product","link":"https:\/\/apollo-herkenrath.de\/de\/produkt\/sicherheitsmesser-pyla\/","title":{"rendered":"Sicherheitsmesser Pyla"},"content":{"rendered":"<p>&nbsp;<\/p>\n<ul>\n<li>tes Sicherheitmesser aus Kunststoff<\/li>\n<li>zum Schneiden von Klebeband, Schaumstoff und Polyuretane<\/li>\n<li>kein Schnittrisiko f\u00fcr den Benutzer<\/li>\n<li>best\u00fcckt mit einer 65 mm langen Trapezklinge Nr. 253.14.20 N ALD aus Kunststoff<\/li>\n<li>schneller Klingenwechsel ohne Werkzeug<\/li>\n<li>F\u00fcr Rechts- und Linksh\u00e4nder geeignet<\/li>\n<\/ul>\n<p>&nbsp;<\/p>\n","protected":false},"excerpt":{"rendered":"<p>&nbsp; tes Sicherheitmesser aus Kunststoff zum Schneiden von Klebeband, Schaumstoff und Polyuretane kein Schnittrisiko f\u00fcr den Benutzer best\u00fcckt mit einer 65 mm langen Trapezklinge Nr. 253.14.20 N ALD aus Kunststoff schneller Klingenwechsel ohne Werkzeug F\u00fcr Rechts- und Linksh\u00e4nder geeignet &nbsp;<\/p>\n","protected":false},"featured_media":1011,"template":"","meta":[],"product_brand":[],"product_cat":[28,210],"product_tag":[],"class_list":{"0":"post-1009","1":"product","2":"type-product","3":"status-publish","4":"has-post-thumbnail","6":"product_cat-produkte","7":"product_cat-spezialmesser","9":"first","10":"instock","11":"shipping-taxable","12":"purchasable","13":"product-type-simple"},"aioseo_notices":[],"_links":{"self":[{"href":"https:\/\/apollo-herkenrath.de\/de\/wp-json\/wp\/v2\/product\/1009","targetHints":{"allow":["GET"]}}],"collection":[{"href":"https:\/\/apollo-herkenrath.de\/de\/wp-json\/wp\/v2\/product"}],"about":[{"href":"https:\/\/apollo-herkenrath.de\/de\/wp-json\/wp\/v2\/types\/product"}],"wp:featuredmedia":[{"embeddable":true,"href":"https:\/\/apollo-herkenrath.de\/de\/wp-json\/wp\/v2\/media\/1011"}],"wp:attachment":[{"href":"https:\/\/apollo-herkenrath.de\/de\/wp-json\/wp\/v2\/media?parent=1009"}],"wp:term":[{"taxonomy":"product_brand","embeddable":true,"href":"https:\/\/apollo-herkenrath.de\/de\/wp-json\/wp\/v2\/product_brand?post=1009"},{"taxonomy":"product_cat","embeddable":true,"href":"https:\/\/apollo-herkenrath.de\/de\/wp-json\/wp\/v2\/product_cat?post=1009"},{"taxonomy":"product_tag","embeddable":true,"href":"https:\/\/apollo-herkenrath.de\/de\/wp-json\/wp\/v2\/product_tag?post=1009"}],"curies":[{"name":"wp","href":"https:\/\/api.w.org\/{rel}","templated":true}]}}