{"id":81,"date":"2018-04-03T21:16:23","date_gmt":"2018-04-03T19:16:23","guid":{"rendered":"https:\/\/dev.dernst.net\/?page_id=81"},"modified":"2018-04-03T21:17:37","modified_gmt":"2018-04-03T19:17:37","slug":"historie","status":"publish","type":"page","link":"https:\/\/apollo-herkenrath.de\/de\/ueber-uns-2\/historie\/","title":{"rendered":"Historie"},"content":{"rendered":"<div>\n<div>\n<p>Die Firma Herkenrath wurde im Dezember 1905 in Solingen auf der Eifelstra\u00dfe 34 als Gesenkschmiede f\u00fcr Stahlwaren gegr\u00fcndet. Dort befindet sich der Firmensitz bis zum heutigen Tage.<\/p>\n<p>In den 20er Jahren wurde mit der Klingenfertigung unter der Schutzmarke \u201eBen Hur\u201c begonnen. Eine Besonderheit der Firma Herkenrath war die Fertigung rostgesch\u00fctzter Klingen in den St\u00e4rken von 0,06 und 0,08 mm. Diese gew\u00e4hrleisteten eine sehr feine Rasur und konnten bei den verschiedensten Barttypen eingesetzt werden. Des weiteren sorgte die geringe Materialst\u00e4rke daf\u00fcr, dass sich die Anzahl der Rasuren pro Klinge erh\u00f6hte. Andere Hersteller konnten solch d\u00fcnnes Material nicht verarbeiten. Dort konnte nur Material ab einer Materialst\u00e4rke von 0,10 mm verwendet werden.<\/p>\n<p>Der Name \u201eApollo\u201c ist seit den 40er Jahren weltweit, in Verbindung mit der Rasierklingenfertigung, als Schutzmarke eingetragen.<\/p>\n<p>Zum weiteren Fertigungsprogramm geh\u00f6rten hochwertige Rasierapparate und Zubeh\u00f6rsets, wie Rasiermesser. Zu diesem Zeitpunkt besch\u00e4ftigte das Unternehmen ca. 50 Personen und zus\u00e4tzlich, je nach Bedarf, eine gr\u00f6\u00dfere Anzahl Heimarbeiter zum Einpacken der Rasierklingen.<\/p>\n<p>Nachdem verst\u00e4rkt Elektrorasierer auf den Markt kamen, sank die Absatzm\u00f6glichkeit der klassischen Rasierklinge sehr stark, so dass die Produktion derselben 1974\/75 eingestellt wurde. Im Hause Herkenrath setzte man jedoch rechtzeitig auf die Produktion von Klingen f\u00fcr das Handwerk sowie f\u00fcr industrielle Zwecke. Durch die Jahrzehnte lange Erfahrung hat sich hierdurch das Produktspektrum auf ca. 1.000 verschiedene Klingentypen vergr\u00f6\u00dfert. St\u00e4ndige Weiterentwicklungen und der Wunsch unserer Kunden nach ma\u00dfgeschneiderten L\u00f6sungen, lassen unsere Artikelvielfalt st\u00e4ndig wachsen.<\/p>\n<p>Durch die versch\u00e4rften Vorgaben der Berufsgenossenschaft im Bereich der Sicherheitsmesser, k\u00f6nnen wir auch hier durch die Zusammenarbeit mit namhaften Unternehmen ein weites Spektrum an verschiedensten Messergriffen anbieten.<\/p>\n<p>Bei einer Produktvielfalt, wie sie in unserem Unternehmen angeboten wird, kann man selbst\u00adverst\u00e4ndlich nicht jeden Artikel im eigenen Hause herstellen. Da aber auch bei Produkten, die wir nicht selbst produzieren, gro\u00dfer Wert auf Qualit\u00e4t gelegt wird, arbeiten wir ausschlie\u00dflich mit Firmen zusammen, die sich in langj\u00e4hriger Partnerschaft bew\u00e4hrt haben. So wird gesi\u00adchert, dass unsere Kunden auf den guten Namen Apollo Herkenrath vertrauen d\u00fcrfen.<\/p>\n<\/div>\n<\/div>\n","protected":false},"excerpt":{"rendered":"<p>Die Firma Herkenrath wurde im Dezember 1905 in Solingen auf der Eifelstra\u00dfe 34 als Gesenkschmiede f\u00fcr Stahlwaren gegr\u00fcndet. Dort befindet sich der Firmensitz bis zum heutigen Tage. In den 20er Jahren wurde mit der Klingenfertigung unter der Schutzmarke \u201eBen Hur\u201c begonnen. Eine Besonderheit der Firma Herkenrath war die Fertigung rostgesch\u00fctzter Klingen in den St\u00e4rken von [&hellip;]<\/p>\n","protected":false},"author":3,"featured_media":0,"parent":88,"menu_order":0,"comment_status":"closed","ping_status":"closed","template":"","meta":{"footnotes":""},"class_list":["post-81","page","type-page","status-publish","hentry"],"aioseo_notices":[],"_links":{"self":[{"href":"https:\/\/apollo-herkenrath.de\/de\/wp-json\/wp\/v2\/pages\/81","targetHints":{"allow":["GET"]}}],"collection":[{"href":"https:\/\/apollo-herkenrath.de\/de\/wp-json\/wp\/v2\/pages"}],"about":[{"href":"https:\/\/apollo-herkenrath.de\/de\/wp-json\/wp\/v2\/types\/page"}],"author":[{"embeddable":true,"href":"https:\/\/apollo-herkenrath.de\/de\/wp-json\/wp\/v2\/users\/3"}],"replies":[{"embeddable":true,"href":"https:\/\/apollo-herkenrath.de\/de\/wp-json\/wp\/v2\/comments?post=81"}],"version-history":[{"count":1,"href":"https:\/\/apollo-herkenrath.de\/de\/wp-json\/wp\/v2\/pages\/81\/revisions"}],"predecessor-version":[{"id":83,"href":"https:\/\/apollo-herkenrath.de\/de\/wp-json\/wp\/v2\/pages\/81\/revisions\/83"}],"up":[{"embeddable":true,"href":"https:\/\/apollo-herkenrath.de\/de\/wp-json\/wp\/v2\/pages\/88"}],"wp:attachment":[{"href":"https:\/\/apollo-herkenrath.de\/de\/wp-json\/wp\/v2\/media?parent=81"}],"curies":[{"name":"wp","href":"https:\/\/api.w.org\/{rel}","templated":true}]}}