{"id":140,"date":"2018-05-20T12:25:20","date_gmt":"2018-05-20T10:25:20","guid":{"rendered":"https:\/\/dev.dernst.net\/hestia-front\/"},"modified":"2018-05-31T13:09:37","modified_gmt":"2018-05-31T11:09:37","slug":"hestia-front","status":"publish","type":"page","link":"https:\/\/apollo-herkenrath.de\/de\/","title":{"rendered":"Front Page"},"content":{"rendered":"<h2>Herzlich Willkommen auf der Website von Apollo-Herkenrath.<\/h2>\n<p>Wer seine Artikel weltweit vertreibt, darf in Sachen Qualit\u00e4t keine Kompromisse eingehen. Unsere Kunden m\u00fcssen sich auf die Produkte uneingeschr\u00e4nkt verlassen k\u00f6nnen, um am Markt erfolgreich agieren zu k\u00f6nnen. Dieses Motto gilt f\u00fcr uns als Leitsatz, seit der Gr\u00fcndung unseres Unternehmens im Jahre 1905.<\/p>\n<p>Hier finden sie die <a href=\"http:\/\/apollo-herkenrath.de\/neuheiten\">Neuheiten<\/a> unserer Seite.<\/p>\n","protected":false},"excerpt":{"rendered":"<p>Herzlich Willkommen auf der Website von Apollo-Herkenrath. Wer seine Artikel weltweit vertreibt, darf in Sachen Qualit\u00e4t keine Kompromisse eingehen. Unsere Kunden m\u00fcssen sich auf die Produkte uneingeschr\u00e4nkt verlassen k\u00f6nnen, um am Markt erfolgreich agieren zu k\u00f6nnen. Dieses Motto gilt f\u00fcr uns als Leitsatz, seit der Gr\u00fcndung unseres Unternehmens im Jahre 1905. Hier finden sie die [&hellip;]<\/p>\n","protected":false},"author":3,"featured_media":0,"parent":0,"menu_order":0,"comment_status":"closed","ping_status":"closed","template":"","meta":{"footnotes":""},"class_list":["post-140","page","type-page","status-publish","hentry"],"aioseo_notices":[],"_links":{"self":[{"href":"https:\/\/apollo-herkenrath.de\/de\/wp-json\/wp\/v2\/pages\/140","targetHints":{"allow":["GET"]}}],"collection":[{"href":"https:\/\/apollo-herkenrath.de\/de\/wp-json\/wp\/v2\/pages"}],"about":[{"href":"https:\/\/apollo-herkenrath.de\/de\/wp-json\/wp\/v2\/types\/page"}],"author":[{"embeddable":true,"href":"https:\/\/apollo-herkenrath.de\/de\/wp-json\/wp\/v2\/users\/3"}],"replies":[{"embeddable":true,"href":"https:\/\/apollo-herkenrath.de\/de\/wp-json\/wp\/v2\/comments?post=140"}],"version-history":[{"count":2,"href":"https:\/\/apollo-herkenrath.de\/de\/wp-json\/wp\/v2\/pages\/140\/revisions"}],"predecessor-version":[{"id":949,"href":"https:\/\/apollo-herkenrath.de\/de\/wp-json\/wp\/v2\/pages\/140\/revisions\/949"}],"wp:attachment":[{"href":"https:\/\/apollo-herkenrath.de\/de\/wp-json\/wp\/v2\/media?parent=140"}],"curies":[{"name":"wp","href":"https:\/\/api.w.org\/{rel}","templated":true}]}}